{"id":5566,"date":"2022-01-27T11:54:00","date_gmt":"2022-01-27T11:54:00","guid":{"rendered":"https:\/\/www.pavas.rs\/?page_id=5566"},"modified":"2022-05-27T04:36:46","modified_gmt":"2022-05-27T04:36:46","slug":"pavas-usluge","status":"publish","type":"page","link":"https:\/\/www.pavas.rs\/en\/pavas-usluge\/","title":{"rendered":"Our Services"},"content":{"rendered":"<div class=\"vc_row wpb_row row\"><div class=\"vc_column_container col-md-12\"><div class=\"wpb_wrapper vc_column-inner\"><div class=\"vc_empty_space\"   style=\"height: 32px\"><span class=\"vc_empty_space_inner\"><\/span><\/div><div class=\"porto-separator\"><hr class=\"separator-line  align_center\" style=\"background-image: -webkit-linear-gradient(left, transparent, grey, transparent); background-image: linear-gradient(to right, transparent, grey, transparent);\"><\/div><h3 style=\"font-family:Abril Fatface;font-weight:400;font-style:normal\" class=\"vc_custom_heading align-left\">Our Services<\/h3><\/div><\/div><\/div><div class=\"vc_row wpb_row row\"><div class=\"vc_column_container col-md-12 vc_custom_1643842384786\"><div class=\"wpb_wrapper vc_column-inner\">\n\t<div class=\"wpb_text_column wpb_content_element  vc_custom_1646297051381\" >\n\t\t<div class=\"wpb_wrapper\">\n\t\t\t<h4>METAL PROCESS SERVICES<br \/>\nWe perform metal machining process services.<\/h4>\n<h4>LASER METAL CUTTING<br \/>\nWe perform cutting of up to 2mm aluminum, up to 6mm stainless steel\nand up to 12mm steel.<\/h4>\n<h4>SHEET METAL AND PIPES CUTTING AND BENDING<br \/>\nWe perform tailored to needs cutting and bending service.<\/h4>\n<h4>WELDING AND POLISHING<br \/>\nWe perform welding services of steel, stainless steel and aluminum.<\/h4>\n<h4>DIE-CUTTING, LATHING, MILLING AND DRILLING SERVICES<br \/>\nWe perform services on request and technical\ndocumentation.<\/h4>\n\n\t\t<\/div>\n\t<\/div>\n<\/div><\/div><\/div><div class=\"vc_row wpb_row row\"><div class=\"vc_column_container col-md-12\"><div class=\"wpb_wrapper vc_column-inner\"><\/div><\/div><\/div>","protected":false},"excerpt":{"rendered":"Usluge USLUGE MA\u0160INSKE OBRADE METALA Vr\u0161imo uslu\u017eno ma\u0161insku obradu metala. LASERSKO SE\u010cENJE LIMA Vr\u0161imo uslu\u017eno se\u010denje do 2mm aluminijuma, do 6mm inox-a i do 12mm \u010delika. SE\u010cENJE I SAVIJANJE LIMA I CEVI Vr\u0161imo uslu\u017eno se\u010denje i savijanje po meri i potrebi. VARENJE I POLIRANJE Vr\u0161imo usluge zavarivanja \u010delika, Inox-a i aluminijuma. \u0160TANCOVANJE, STRUGARSKE, GLODA\u010cKE I [...]","protected":false},"author":1,"featured_media":0,"parent":0,"menu_order":0,"comment_status":"closed","ping_status":"closed","template":"","meta":{"_mo_disable_npp":"","footnotes":""},"class_list":["post-5566","page","type-page","status-publish","hentry"],"yoast_head":"<!-- This site is optimized with the Yoast SEO Premium plugin v18.2.1 (Yoast SEO v27.5) - https:\/\/yoast.com\/product\/yoast-seo-premium-wordpress\/ -->\n<title>Usluge - pavas.rs<\/title>\n<meta name=\"description\" content=\"Usluge Pavas Oprema od lasersko se\u010denje metala. Proizvodnja opreme od inoxa, aluminijuma i gvo\u017edja. Varenje i poliranje inoxa. \u0160tancovanje, gloda\u010dke, strugarske i busa\u010dke usluge u Rakovici Beograd.\" \/>\n<meta name=\"robots\" content=\"index, follow, max-snippet:-1, max-image-preview:large, max-video-preview:-1\" \/>\n<link rel=\"canonical\" href=\"https:\/\/www.pavas.rs\/en\/pavas-usluge\/\" \/>\n<meta property=\"og:locale\" content=\"en_GB\" \/>\n<meta property=\"og:type\" content=\"article\" \/>\n<meta property=\"og:title\" content=\"Usluge\" \/>\n<meta property=\"og:description\" content=\"Usluge Pavas Oprema od lasersko se\u010denje metala. Proizvodnja opreme od inoxa, aluminijuma i gvo\u017edja. Varenje i poliranje inoxa. \u0160tancovanje, gloda\u010dke, strugarske i busa\u010dke usluge u Rakovici Beograd.\" \/>\n<meta property=\"og:url\" content=\"https:\/\/www.pavas.rs\/en\/pavas-usluge\/\" \/>\n<meta property=\"og:site_name\" content=\"pavas.rs\" \/>\n<meta property=\"article:publisher\" content=\"https:\/\/www.facebook.com\/PavasOprema\" \/>\n<meta property=\"article:modified_time\" content=\"2022-05-27T04:36:46+00:00\" \/>\n<meta property=\"og:image\" content=\"https:\/\/www.pavas.rs\/wp-content\/uploads\/2022\/01\/LOGO-PAVAS_Kontakt.png\" \/>\n\t<meta property=\"og:image:width\" content=\"503\" \/>\n\t<meta property=\"og:image:height\" content=\"1226\" \/>\n\t<meta property=\"og:image:type\" content=\"image\/png\" \/>\n<meta name=\"twitter:card\" content=\"summary_large_image\" \/>\n<meta name=\"twitter:label1\" content=\"Est. reading time\" \/>\n\t<meta name=\"twitter:data1\" content=\"1 minute\" \/>\n<script type=\"application\/ld+json\" class=\"yoast-schema-graph\">{\"@context\":\"https:\\\/\\\/schema.org\",\"@graph\":[{\"@type\":\"WebPage\",\"@id\":\"https:\\\/\\\/www.pavas.rs\\\/pavas-usluge\\\/\",\"url\":\"https:\\\/\\\/www.pavas.rs\\\/pavas-usluge\\\/\",\"name\":\"Usluge - pavas.rs\",\"isPartOf\":{\"@id\":\"https:\\\/\\\/www.pavas.rs\\\/#website\"},\"datePublished\":\"2022-01-27T11:54:00+00:00\",\"dateModified\":\"2022-05-27T04:36:46+00:00\",\"description\":\"Usluge Pavas Oprema od lasersko se\u010denje metala. Proizvodnja opreme od inoxa, aluminijuma i gvo\u017edja. Varenje i poliranje inoxa. \u0160tancovanje, gloda\u010dke, strugarske i busa\u010dke usluge u Rakovici Beograd.\",\"breadcrumb\":{\"@id\":\"https:\\\/\\\/www.pavas.rs\\\/pavas-usluge\\\/#breadcrumb\"},\"inLanguage\":\"en-GB\",\"potentialAction\":[{\"@type\":\"ReadAction\",\"target\":[\"https:\\\/\\\/www.pavas.rs\\\/pavas-usluge\\\/\"]}]},{\"@type\":\"BreadcrumbList\",\"@id\":\"https:\\\/\\\/www.pavas.rs\\\/pavas-usluge\\\/#breadcrumb\",\"itemListElement\":[{\"@type\":\"ListItem\",\"position\":1,\"name\":\"Home\",\"item\":\"https:\\\/\\\/www.pavas.rs\\\/\"},{\"@type\":\"ListItem\",\"position\":2,\"name\":\"Usluge\"}]},{\"@type\":\"WebSite\",\"@id\":\"https:\\\/\\\/www.pavas.rs\\\/#website\",\"url\":\"https:\\\/\\\/www.pavas.rs\\\/\",\"name\":\"pavas.rs\",\"description\":\"Pavas\",\"publisher\":{\"@id\":\"https:\\\/\\\/www.pavas.rs\\\/#organization\"},\"potentialAction\":[{\"@type\":\"SearchAction\",\"target\":{\"@type\":\"EntryPoint\",\"urlTemplate\":\"https:\\\/\\\/www.pavas.rs\\\/?s={search_term_string}\"},\"query-input\":{\"@type\":\"PropertyValueSpecification\",\"valueRequired\":true,\"valueName\":\"search_term_string\"}}],\"inLanguage\":\"en-GB\"},{\"@type\":\"Organization\",\"@id\":\"https:\\\/\\\/www.pavas.rs\\\/#organization\",\"name\":\"Pavas M Djordjevi\u0107 Beograd\",\"url\":\"https:\\\/\\\/www.pavas.rs\\\/\",\"logo\":{\"@type\":\"ImageObject\",\"inLanguage\":\"en-GB\",\"@id\":\"https:\\\/\\\/www.pavas.rs\\\/#\\\/schema\\\/logo\\\/image\\\/\",\"url\":\"https:\\\/\\\/www.pavas.rs\\\/wp-content\\\/uploads\\\/2022\\\/01\\\/logo-f.png\",\"contentUrl\":\"https:\\\/\\\/www.pavas.rs\\\/wp-content\\\/uploads\\\/2022\\\/01\\\/logo-f.png\",\"width\":477,\"height\":200,\"caption\":\"Pavas M Djordjevi\u0107 Beograd\"},\"image\":{\"@id\":\"https:\\\/\\\/www.pavas.rs\\\/#\\\/schema\\\/logo\\\/image\\\/\"},\"sameAs\":[\"https:\\\/\\\/www.facebook.com\\\/PavasOprema\",\"https:\\\/\\\/www.instagram.com\\\/pavas_inox\\\/\",\"https:\\\/\\\/www.youtube.com\\\/channel\\\/UCufVQ1GOZonYV6yZ1SUgESQ\"]}]}<\/script>\n<!-- \/ Yoast SEO Premium plugin. -->","yoast_head_json":{"title":"Usluge - pavas.rs","description":"Usluge Pavas Oprema od lasersko se\u010denje metala. Proizvodnja opreme od inoxa, aluminijuma i gvo\u017edja. Varenje i poliranje inoxa. \u0160tancovanje, gloda\u010dke, strugarske i busa\u010dke usluge u Rakovici Beograd.","robots":{"index":"index","follow":"follow","max-snippet":"max-snippet:-1","max-image-preview":"max-image-preview:large","max-video-preview":"max-video-preview:-1"},"canonical":"https:\/\/www.pavas.rs\/en\/pavas-usluge\/","og_locale":"en_GB","og_type":"article","og_title":"Usluge","og_description":"Usluge Pavas Oprema od lasersko se\u010denje metala. Proizvodnja opreme od inoxa, aluminijuma i gvo\u017edja. Varenje i poliranje inoxa. \u0160tancovanje, gloda\u010dke, strugarske i busa\u010dke usluge u Rakovici Beograd.","og_url":"https:\/\/www.pavas.rs\/en\/pavas-usluge\/","og_site_name":"pavas.rs","article_publisher":"https:\/\/www.facebook.com\/PavasOprema","article_modified_time":"2022-05-27T04:36:46+00:00","og_image":[{"width":503,"height":1226,"url":"https:\/\/www.pavas.rs\/wp-content\/uploads\/2022\/01\/LOGO-PAVAS_Kontakt.png","type":"image\/png"}],"twitter_card":"summary_large_image","twitter_misc":{"Est. reading time":"1 minute"},"schema":{"@context":"https:\/\/schema.org","@graph":[{"@type":"WebPage","@id":"https:\/\/www.pavas.rs\/pavas-usluge\/","url":"https:\/\/www.pavas.rs\/pavas-usluge\/","name":"Usluge - pavas.rs","isPartOf":{"@id":"https:\/\/www.pavas.rs\/#website"},"datePublished":"2022-01-27T11:54:00+00:00","dateModified":"2022-05-27T04:36:46+00:00","description":"Usluge Pavas Oprema od lasersko se\u010denje metala. Proizvodnja opreme od inoxa, aluminijuma i gvo\u017edja. Varenje i poliranje inoxa. \u0160tancovanje, gloda\u010dke, strugarske i busa\u010dke usluge u Rakovici Beograd.","breadcrumb":{"@id":"https:\/\/www.pavas.rs\/pavas-usluge\/#breadcrumb"},"inLanguage":"en-GB","potentialAction":[{"@type":"ReadAction","target":["https:\/\/www.pavas.rs\/pavas-usluge\/"]}]},{"@type":"BreadcrumbList","@id":"https:\/\/www.pavas.rs\/pavas-usluge\/#breadcrumb","itemListElement":[{"@type":"ListItem","position":1,"name":"Home","item":"https:\/\/www.pavas.rs\/"},{"@type":"ListItem","position":2,"name":"Usluge"}]},{"@type":"WebSite","@id":"https:\/\/www.pavas.rs\/#website","url":"https:\/\/www.pavas.rs\/","name":"pavas.rs","description":"Pavas","publisher":{"@id":"https:\/\/www.pavas.rs\/#organization"},"potentialAction":[{"@type":"SearchAction","target":{"@type":"EntryPoint","urlTemplate":"https:\/\/www.pavas.rs\/?s={search_term_string}"},"query-input":{"@type":"PropertyValueSpecification","valueRequired":true,"valueName":"search_term_string"}}],"inLanguage":"en-GB"},{"@type":"Organization","@id":"https:\/\/www.pavas.rs\/#organization","name":"Pavas M Djordjevi\u0107 Beograd","url":"https:\/\/www.pavas.rs\/","logo":{"@type":"ImageObject","inLanguage":"en-GB","@id":"https:\/\/www.pavas.rs\/#\/schema\/logo\/image\/","url":"https:\/\/www.pavas.rs\/wp-content\/uploads\/2022\/01\/logo-f.png","contentUrl":"https:\/\/www.pavas.rs\/wp-content\/uploads\/2022\/01\/logo-f.png","width":477,"height":200,"caption":"Pavas M Djordjevi\u0107 Beograd"},"image":{"@id":"https:\/\/www.pavas.rs\/#\/schema\/logo\/image\/"},"sameAs":["https:\/\/www.facebook.com\/PavasOprema","https:\/\/www.instagram.com\/pavas_inox\/","https:\/\/www.youtube.com\/channel\/UCufVQ1GOZonYV6yZ1SUgESQ"]}]}},"_links":{"self":[{"href":"https:\/\/www.pavas.rs\/en\/wp-json\/wp\/v2\/pages\/5566","targetHints":{"allow":["GET"]}}],"collection":[{"href":"https:\/\/www.pavas.rs\/en\/wp-json\/wp\/v2\/pages"}],"about":[{"href":"https:\/\/www.pavas.rs\/en\/wp-json\/wp\/v2\/types\/page"}],"author":[{"embeddable":true,"href":"https:\/\/www.pavas.rs\/en\/wp-json\/wp\/v2\/users\/1"}],"replies":[{"embeddable":true,"href":"https:\/\/www.pavas.rs\/en\/wp-json\/wp\/v2\/comments?post=5566"}],"version-history":[{"count":24,"href":"https:\/\/www.pavas.rs\/en\/wp-json\/wp\/v2\/pages\/5566\/revisions"}],"predecessor-version":[{"id":6018,"href":"https:\/\/www.pavas.rs\/en\/wp-json\/wp\/v2\/pages\/5566\/revisions\/6018"}],"wp:attachment":[{"href":"https:\/\/www.pavas.rs\/en\/wp-json\/wp\/v2\/media?parent=5566"}],"curies":[{"name":"wp","href":"https:\/\/api.w.org\/{rel}","templated":true}]}}