{"id":61,"date":"2016-07-21T02:04:39","date_gmt":"2016-07-21T02:04:39","guid":{"rendered":"http:\/\/sw-themes.com\/porto_dummy\/?page_id=61"},"modified":"2022-03-06T10:34:33","modified_gmt":"2022-03-06T10:34:33","slug":"kontakt","status":"publish","type":"page","link":"https:\/\/www.pavas.rs\/en\/kontakt\/","title":{"rendered":""},"content":{"rendered":"<div class=\"vc_row wpb_row row\"><div class=\"vc_column_container col-md-12\"><div class=\"wpb_wrapper vc_column-inner\">\n\t<div class=\"wpb_text_column wpb_content_element \" >\n\t\t<div class=\"wpb_wrapper\">\n\t\t\t<\/p><div class=\"vce-row-container\">\n<div id=\"el-c15bbd9f\" class=\"vce-row vce-row--col-gap-10 vce-row-equal-height vce-row-columns--top vce-row-content--top no-inner-container\" data-vce-do-apply=\"all el-c15bbd9f\">\n<div class=\"vce-row-content\" data-vce-element-content=\"true\">\n<div id=\"el-cf439a5e\" class=\"vce-col vce-col--md-31p vce-col--xs-1 vce-col--xs-last vce-col--xs-first vce-col--sm-last vce-col--sm-first vce-col--md-first vce-col--lg-first vce-col--xl-first\">\n<div class=\"vce-col-inner\" data-vce-do-apply=\"border margin background el-cf439a5e\">\n<div class=\"vce-col-content\" data-vce-element-content=\"true\" data-vce-do-apply=\"padding el-cf439a5e\">\n<div class=\"vce-single-image-container vce-single-image--align-left\">\n<div id=\"el-c1f8c0f7\" class=\"vce vce-single-image-wrapper\" data-vce-do-apply=\"all el-c1f8c0f7\">\n<figure>\n<div class=\"vce-single-image-figure-inner\" style=\"width: 250px;\">\n<div class=\"vce-single-image-inner vce-single-image--absolute\" style=\"width: 100%; padding-bottom: 245.2%;\"><img loading=\"lazy\" decoding=\"async\" class=\"vce-single-image\" title=\"LOGO PAVAS_Kontakt\" src=\"https:\/\/www.pavas.rs\/wp-content\/uploads\/2022\/03\/LOGO-PAVAS_Kontakt-250x613.png\" srcset=\"https:\/\/www.pavas.rs\/wp-content\/uploads\/2022\/03\/LOGO-PAVAS_Kontakt-320x785.png 320w,https:\/\/www.pavas.rs\/wp-content\/uploads\/2022\/03\/LOGO-PAVAS_Kontakt-480x1177.png 480w,https:\/\/www.pavas.rs\/wp-content\/uploads\/2022\/03\/LOGO-PAVAS_Kontakt-800x1962.png 800w,https:\/\/www.pavas.rs\/wp-content\/uploads\/2022\/03\/LOGO-PAVAS_Kontakt-250x613.png 250w,https:\/\/www.pavas.rs\/wp-content\/uploads\/2022\/03\/LOGO-PAVAS_Kontakt-500x1226.png 2x\" alt=\"\" width=\"250\" height=\"613\" data-img-src=\"https:\/\/www.pavas.rs\/wp-content\/uploads\/2022\/01\/LOGO-PAVAS_Kontakt.png\" \/><\/div>\n<\/div>\n<figcaption hidden=\"\"><\/figcaption>\n<\/figure>\n<\/div>\n<\/div>\n<\/div>\n<\/div>\n<\/div>\n<div id=\"el-615ab557\" class=\"vce-col vce-col--md-36p vce-col--xs-1 vce-col--xs-last vce-col--xs-first vce-col--sm-last vce-col--sm-first vce-col--md-last vce-col--lg-last vce-col--xl-last\">\n<div class=\"vce-col-inner\" data-vce-do-apply=\"border margin background el-615ab557\">\n<div class=\"vce-col-content\" data-vce-element-content=\"true\" data-vce-do-apply=\"padding el-615ab557\">\n<div class=\"vce-text-block\">\n<div id=\"el-2a8247d6\" class=\"vce-text-block-wrapper vce\" data-vce-do-apply=\"all el-2a8247d6\">\u00a0<\/div>\n<\/div>\n<div class=\"vce-text-block\">\n<div id=\"el-ae3ce0b2\" class=\"vce-text-block-wrapper vce\" data-vce-do-apply=\"all el-ae3ce0b2\"><!--vcv no format-->\n<div class=\"vce-row-container\">\n<div id=\"el-11fea2dc\" class=\"vce-row vce-row--col-gap-30 p-t-xxl p-b-xxl vce-row-columns--top vce-row-content--top porto-inner-container\" data-vce-do-apply=\"all el-11fea2dc\">\n<div class=\"vce-row-content container\" data-vce-element-content=\"true\">\n<div id=\"el-ada54c52\" class=\"vce-col vce-col--xs-100p vce-col--xs-visible vce-col--xs-last vce-col--xs-first vce-col--sm-100p vce-col--sm-visible vce-col--sm-last vce-col--sm-first vce-col--md-100p vce-col--md-visible vce-col--md-last vce-col--md-first vce-col--lg-1-3 vce-col--lg-visible vce-col--lg-first vce-col--xl-1-3 vce-col--xl-visible vce-col--xl-first\">\n<div class=\"vce-col-inner\" data-vce-do-apply=\"border margin background el-ada54c52\">\n<p class=\"vce-col-content\" data-vce-element-content=\"true\" data-vce-do-apply=\"padding el-ada54c52\">\n<p>&nbsp;<\/p>\n<p class=\"porto-heading mb-0\" style=\"font-size: 2em;\" data-vce-do-apply=\"all el-3d26fa8a\"><strong style=\"font-size: 16px;\">PAVAS M DJORDJEVI\u0106<\/strong><\/p>\n<p class=\"vce-col-content\" data-vce-element-content=\"true\" data-vce-do-apply=\"padding el-ada54c52\">PIB: 109500149<br \/>MB: 64215299 Stevana Lukovi\u0107a 2 <br \/>11090 Rakovica - Beograd <br \/>SRBIJA <\/p>\n<p><strong>Kontakt:<br \/><\/strong>mob. +381 (0) 63 7563 816 <br \/>mob. +381 (0) 63 263 816 <br \/>mob. +381 (0) 63 463 816 <br \/>tel\/fax: +381 (0) 11 3564 861 <br \/>tel: +381 11 (0) 11 563 816<br \/><a href=\"mailto:pavas.m@yahoo.com\"> pavas.m@yahoo.com<\/a><\/p>\n<p class=\"vce-col-content\" data-vce-element-content=\"true\" data-vce-do-apply=\"padding el-ada54c52\">\n<p><a> <i><br \/><\/i><\/a><\/p>\n<\/div>\n<\/div>\n<\/div>\n<\/div>\n<\/div>\n<\/div>\n<\/div>\n<\/div>\n<\/div>\n<\/div>\n<div id=\"el-300d2949\" class=\"vce-col vce-col--md-33-33p vce-col--xs-1 vce-col--xs-last vce-col--xs-first vce-col--sm-last vce-col--sm-first vce-col--md-last vce-col--lg-last vce-col--xl-last vce-col--md-first vce-col--lg-first vce-col--xl-first\">\n<div class=\"vce-col-inner\" data-vce-do-apply=\"border margin background el-300d2949\">\n<div class=\"vce-col-content\" data-vce-element-content=\"true\" data-vce-do-apply=\"padding el-300d2949\"><div>\u00a0<\/div>\n<\/div>\n<\/div>\n<\/div>\n<\/div>\n<\/div>\n<\/div>\n<div class=\"vce-row-container\">\n<div id=\"el-bcf37f4d\" class=\"vce-row vce-row--col-gap-30 vce-row-equal-height vce-row-columns--top vce-row-content--top no-inner-container\" data-vce-do-apply=\"all el-bcf37f4d\">\n<div class=\"vce-row-content\" data-vce-element-content=\"true\"><div id=\"el-adc54181\" class=\"vce-col vce-col--md-auto vce-col--xs-1 vce-col--xs-last vce-col--xs-first vce-col--sm-last vce-col--sm-first vce-col--md-first vce-col--lg-first vce-col--xl-first\">\n<div class=\"vce-col-inner\" data-vce-do-apply=\"border margin background el-adc54181\">\n<div class=\"vce-col-content\" data-vce-element-content=\"true\" data-vce-do-apply=\"padding el-adc54181\">\n<div class=\"vce-text-block\">\n<div id=\"el-c302374e\" class=\"vce-text-block-wrapper vce\" data-vce-do-apply=\"all el-c302374e\">\u00a0<\/div>\n<\/div>\n<\/div>\n<\/div>\n<\/div><div id=\"el-f29da7a1\" class=\"vce-col vce-col--md-auto vce-col--xs-1 vce-col--xs-last vce-col--xs-first vce-col--sm-last vce-col--sm-first vce-col--md-last vce-col--lg-last vce-col--xl-last\">\n<div class=\"vce-col-inner\" data-vce-do-apply=\"border margin background el-f29da7a1\">\n<div class=\"vce-col-content\" data-vce-element-content=\"true\" data-vce-do-apply=\"padding el-f29da7a1\"><div>\u00a0<\/div>\n<\/div>\n<\/div>\n<\/div>\n<\/div>\n<\/div>\n<\/div>\n<!-- \/wp:vcwb-view-page-render-element\/el-row-bcf37f4d {\"id\":\"bcf37f4d\",\"tag\":\"row\"} -->\n<!-- wp:vcwb-view-page-render-element\/el-row-8057d59e {\"id\":\"8057d59e\",\"tag\":\"row\"} -->\n<div class=\"vce-row-container\">\n<div id=\"el-8057d59e\" class=\"vce-row vce-row--col-gap-30 vce-row-columns--top vce-row-content--top no-inner-container\" data-vce-do-apply=\"all el-8057d59e\">\n<div class=\"vce-row-content\" data-vce-element-content=\"true\">\n<!-- wp:vcwb-view-page-render-element\/el-column-05b1a269 {\"id\":\"05b1a269\",\"tag\":\"column\"} -->\n<div id=\"el-05b1a269\" class=\"vce-col vce-col--xs-100p vce-col--xs-visible vce-col--xs-last vce-col--xs-first vce-col--sm-100p vce-col--sm-visible vce-col--sm-last vce-col--sm-first vce-col--md-7-12 vce-col--md-visible vce-col--md-first vce-col--lg-7-12 vce-col--lg-visible vce-col--lg-first vce-col--xl-7-12 vce-col--xl-visible vce-col--xl-first\">\n<div class=\"vce-col-inner\" data-vce-do-apply=\"border margin background el-05b1a269\">\n<div class=\"vce-col-content\" data-vce-element-content=\"true\" data-vce-do-apply=\"padding el-05b1a269\">\n<!-- wp:vcwb-view-page-render-element\/el-shortcode-14215d07 {\"id\":\"14215d07\",\"tag\":\"shortcode\"} -->\n<div class=\"vce-shortcode\">\n<div id=\"el-14215d07\" class=\"vce-shortcode-wrapper vce\" data-vce-do-apply=\"all el-14215d07\">\u00a0<\/div>\n<\/div>\n<\/div>\n<\/div>\n<\/div>\n<\/div>\n<\/div>\n<\/div>\n<p>[\/vc_column_text][\/vc_column][\/vc_row]\n<div class=\"wpcf7 no-js\" id=\"wpcf7-f66-o1\" lang=\"en-US\" dir=\"ltr\" data-wpcf7-id=\"66\">\n<div class=\"screen-reader-response\"><p role=\"status\" aria-live=\"polite\" aria-atomic=\"true\"><\/p> <ul><\/ul><\/div>\n<form action=\"\/en\/wp-json\/wp\/v2\/pages\/61#wpcf7-f66-o1\" method=\"post\" class=\"wpcf7-form init\" aria-label=\"Contact form\" novalidate=\"novalidate\" data-status=\"init\">\n<fieldset class=\"hidden-fields-container\"><input type=\"hidden\" name=\"_wpcf7\" value=\"66\" \/><input type=\"hidden\" name=\"_wpcf7_version\" value=\"6.1.5\" \/><input type=\"hidden\" name=\"_wpcf7_locale\" value=\"en_US\" \/><input type=\"hidden\" name=\"_wpcf7_unit_tag\" value=\"wpcf7-f66-o1\" \/><input type=\"hidden\" name=\"_wpcf7_container_post\" value=\"0\" \/><input type=\"hidden\" name=\"_wpcf7_posted_data_hash\" value=\"\" \/>\n<\/fieldset>\n<h2 class=\"m-b-none\">Kontaktirajte nas\n<\/h2>\n<p class=\"lead m-b-md m-t-xs\">Odgovori\u0107emo u najkra\u0107em roku\n<\/p>\n<div class=\"row\">\n\t<div class=\"col-lg-12\">\n\t\t<div class=\"form-group\">\n\t\t\t<p><span class=\"wpcf7-form-control-wrap\" data-name=\"your-name\"><input size=\"40\" maxlength=\"400\" class=\"wpcf7-form-control wpcf7-text wpcf7-validates-as-required form-control\" id=\"contact-name\" aria-required=\"true\" aria-invalid=\"false\" placeholder=\"Your Name\" value=\"\" type=\"text\" name=\"your-name\" \/><\/span>\n\t\t\t<\/p>\n\t\t<\/div>\n\t<\/div>\n\t<div class=\"col-lg-12\">\n\t\t<div class=\"form-group\">\n\t\t\t<p><span class=\"wpcf7-form-control-wrap\" data-name=\"your-email\"><input size=\"40\" maxlength=\"400\" class=\"wpcf7-form-control wpcf7-email wpcf7-validates-as-required wpcf7-text wpcf7-validates-as-email form-control\" id=\"contact-email\" aria-required=\"true\" aria-invalid=\"false\" placeholder=\"Your E-mail\" value=\"\" type=\"email\" name=\"your-email\" \/><\/span>\n\t\t\t<\/p>\n\t\t<\/div>\n\t<\/div>\n\t<div class=\"col-lg-12\">\n\t\t<div class=\"form-group\">\n\t\t\t<p><span class=\"wpcf7-form-control-wrap\" data-name=\"your-subject\"><input size=\"40\" maxlength=\"400\" class=\"wpcf7-form-control wpcf7-text form-control\" id=\"contact-subject\" aria-invalid=\"false\" placeholder=\"Subject\" value=\"\" type=\"text\" name=\"your-subject\" \/><\/span>\n\t\t\t<\/p>\n\t\t<\/div>\n\t<\/div>\n\t<div class=\"col-lg-12\">\n\t\t<div class=\"form-group\">\n\t\t\t<p><span class=\"wpcf7-form-control-wrap\" data-name=\"your-message\"><textarea cols=\"40\" rows=\"7\" maxlength=\"2000\" class=\"wpcf7-form-control wpcf7-textarea form-control\" id=\"contact-message\" aria-invalid=\"false\" placeholder=\"Message\" name=\"your-message\"><\/textarea><\/span>\n\t\t\t<\/p>\n\t\t<\/div>\n\t<\/div>\n\t<div class=\"col-lg-12\">\n\t\t<div class=\"form-group\">\n\t\t\t<p><input class=\"wpcf7-form-control wpcf7-submit has-spinner btn btn-primary btn-lg\" type=\"submit\" value=\"Send Message\" \/>\n\t\t\t<\/p>\n\t\t<\/div>\n\t<\/div>\n<\/div><p style=\"display: none !important;\" class=\"akismet-fields-container\" data-prefix=\"_wpcf7_ak_\"><label>&#916;<textarea name=\"_wpcf7_ak_hp_textarea\" cols=\"45\" rows=\"8\" maxlength=\"100\"><\/textarea><\/label><input type=\"hidden\" id=\"ak_js_1\" name=\"_wpcf7_ak_js\" value=\"113\"\/><script>\ndocument.getElementById( \"ak_js_1\" ).setAttribute( \"value\", ( new Date() ).getTime() );\n<\/script>\n<\/p><div class=\"wpcf7-response-output\" aria-hidden=\"true\"><\/div>\n<\/form>\n<\/div>\n<div class=\"vc_row wpb_row row\"><\/div><div class=\"vc_column_container col-md-12\"><div class=\"wpb_wrapper vc_column-inner\"><\/div><\/div>\n\t<div class=\"wpb_text_column wpb_content_element \" >\n\t\t<div class=\"wpb_wrapper\">\n\t\t\t\n\t\t<\/div>\n\t<\/div>\n<\/div>\n<\/div>\n<p><!-- \/wp:vcwb-view-page-render-element\/el-shortcode-14215d07 {\"id\":\"14215d07\",\"tag\":\"shortcode\"} --><\/div>\n<\/div>\n<\/div>\n<!-- \/wp:vcwb-view-page-render-element\/el-column-05b1a269 {\"id\":\"05b1a269\",\"tag\":\"column\"} --><!-- wp:vcwb-view-page-render-element\/el-column-820e37f8 {\"id\":\"820e37f8\",\"tag\":\"column\"} -->\n<div class=\"vce-col vce-col--xs-100p vce-col--xs-visible vce-col--xs-last vce-col--xs-first vce-col--sm-100p vce-col--sm-visible vce-col--sm-last vce-col--sm-first vce-col--md-1-12 vce-col--md-visible vce-col--md-last vce-col--lg-1-12 vce-col--lg-visible vce-col--xl-1-12 vce-col--xl-visible\" id=\"el-820e37f8\">\n<div class=\"vce-col-inner\" data-vce-do-apply=\"border margin background el-820e37f8\">\n<div class=\"vce-content-background-container\"><\/div>\n<div class=\"vce-col-content\" data-vce-element-content=\"true\" data-vce-do-apply=\"padding el-820e37f8\"><!-- wp:vcwb\/empty-comment-element-wrapper -->\n<div><\/div>\n<p><!-- \/wp:vcwb\/empty-comment-element-wrapper --><\/div>\n<\/div>\n<\/div>\n<!-- \/wp:vcwb-view-page-render-element\/el-column-820e37f8 {\"id\":\"820e37f8\",\"tag\":\"column\"} --><!-- wp:vcwb-view-page-render-element\/el-column-f0b3b731 {\"id\":\"f0b3b731\",\"tag\":\"column\"} -->\n<div class=\"vce-col vce-col--xs-100p vce-col--xs-visible vce-col--xs-last vce-col--xs-first vce-col--sm-100p vce-col--sm-visible vce-col--sm-last vce-col--sm-first vce-col--md-5-12 vce-col--md-visible vce-col--md-last vce-col--md-first vce-col--lg-4-12 vce-col--lg-visible vce-col--lg-last vce-col--xl-4-12 vce-col--xl-visible vce-col--xl-last\" id=\"el-f0b3b731\">\n<div class=\"vce-col-inner\" data-vce-do-apply=\"border margin background el-f0b3b731\">\n<div class=\"vce-col-content\" data-vce-element-content=\"true\" data-vce-do-apply=\"padding el-f0b3b731\"><\/div>\n<\/div>\n<\/div>\n<p><!-- \/wp:vcwb-view-page-render-element\/el-column-f0b3b731 {\"id\":\"f0b3b731\",\"tag\":\"column\"} --><\/div>\n<\/div>\n<\/div>\n<!-- \/wp:vcwb-view-page-render-element\/el-row-8057d59e {\"id\":\"8057d59e\",\"tag\":\"row\"} --><!-- wp:vcwb-view-page-render-element\/el-row-e9e3ef71 {\"id\":\"e9e3ef71\",\"tag\":\"row\"} -->\n<div class=\"vce-row-container\">\n<div class=\"vce-row vce-row--col-gap-20 vce-row-equal-height vce-row-columns--top vce-row-content--top no-inner-container\" id=\"el-e9e3ef71\" data-vce-do-apply=\"all el-e9e3ef71\">\n<div class=\"vce-row-content\" data-vce-element-content=\"true\"><!-- wp:vcwb-view-page-render-element\/el-column-d6237ca1 {\"id\":\"d6237ca1\",\"tag\":\"column\"} -->\n<div class=\"vce-col vce-col--md-auto vce-col--xs-1 vce-col--xs-last vce-col--xs-first vce-col--sm-last vce-col--sm-first vce-col--md-last vce-col--lg-last vce-col--xl-last vce-col--md-first vce-col--lg-first vce-col--xl-first\" id=\"el-d6237ca1\">\n<div class=\"vce-col-inner\" data-vce-do-apply=\"border margin background el-d6237ca1\">\n<div class=\"vce-col-content\" data-vce-element-content=\"true\" data-vce-do-apply=\"padding el-d6237ca1\"><!-- wp:vcwb-view-page-render-element\/el-googlemaps-ac57807d {\"id\":\"ac57807d\",\"tag\":\"googleMaps\"} -->\n<div class=\"vce-google-maps vce-google-maps--align-left\">\n<div class=\"vce-google-maps-wrapper vce vce-google-maps-proportional\" id=\"el-ac57807d\" data-vce-do-apply=\"all el-ac57807d\" style=\"width: 1200px; height: auto;\">\n<div class=\"vce-google-maps-inner\" style=\"padding-bottom: 37.5%;\"><iframe src=\"https:\/\/www.google.com\/maps\/embed?pb=!1m18!1m12!1m3!1d2833.786151001177!2d20.43229921515667!3d44.74437948920471!2m3!1f0!2f0!3f0!3m2!1i1024!2i768!4f13.1!3m3!1m2!1s0x475a7193ac73a6e5%3A0xe172e1dad2c8c5d2!2z0KHRgtC10LLQsNC90LAg0JvRg9C60L7QstC40ZvQsCAyLCDQkdC10L7Qs9GA0LDQtA!5e0!3m2!1ssr!2srs!4v1642589344519!5m2!1ssr!2srs\" width=\"1200\" height=\"450\" style=\"border: 0px; pointer-events: none;\" allowfullscreen=\"\" loading=\"lazy\"><\/iframe><\/div>\n<\/div>\n<\/div>\n<p><!-- \/wp:vcwb-view-page-render-element\/el-googlemaps-ac57807d {\"id\":\"ac57807d\",\"tag\":\"googleMaps\"} --><\/div>\n<\/div>\n<\/div>\n<p><!-- \/wp:vcwb-view-page-render-element\/el-column-d6237ca1 {\"id\":\"d6237ca1\",\"tag\":\"column\"} --><\/div>\n<\/div>\n<\/div>\n<!-- \/wp:vcwb-view-page-render-element\/el-row-e9e3ef71 {\"id\":\"e9e3ef71\",\"tag\":\"row\"} --><!-- wp:vcwb-view-page-render-element\/el-row-bc24b044 {\"id\":\"bc24b044\",\"tag\":\"row\"} -->\n<div class=\"vce-row-container\">\n<div class=\"vce-row vce-row--col-gap-20 vce-row-equal-height vce-row-columns--top vce-row-content--top no-inner-container\" id=\"el-bc24b044\" data-vce-do-apply=\"all el-bc24b044\">\n<div class=\"vce-row-content\" data-vce-element-content=\"true\"><!-- wp:vcwb-view-page-render-element\/el-column-ff5c3ea8 {\"id\":\"ff5c3ea8\",\"tag\":\"column\"} -->\n<div class=\"vce-col vce-col--md-auto vce-col--xs-1 vce-col--xs-last vce-col--xs-first vce-col--sm-last vce-col--sm-first vce-col--md-last vce-col--lg-last vce-col--xl-last vce-col--md-first vce-col--lg-first vce-col--xl-first\" id=\"el-ff5c3ea8\">\n<div class=\"vce-col-inner\" data-vce-do-apply=\"border margin background el-ff5c3ea8\">\n<div class=\"vce-col-content\" data-vce-element-content=\"true\" data-vce-do-apply=\"padding el-ff5c3ea8\"><!-- wp:vcwb\/empty-comment-element-wrapper -->\n<div><\/div>\n<p><!-- \/wp:vcwb\/empty-comment-element-wrapper --><\/div>\n<\/div>\n<\/div>\n<p><!-- \/wp:vcwb-view-page-render-element\/el-column-ff5c3ea8 {\"id\":\"ff5c3ea8\",\"tag\":\"column\"} --><\/div>\n<\/div>\n<\/div>\n<p><!-- \/wp:vcwb-view-page-render-element\/el-row-bc24b044 {\"id\":\"bc24b044\",\"tag\":\"row\"} -->\n\n\t\t<\/div>\n\t<\/div>\n<\/div><\/div><\/div>","protected":false},"excerpt":{"rendered":"\u00a0 &nbsp; PAVAS M DJORDJEVI\u0106 PIB: 109500149MB: 64215299 Stevana Lukovi\u0107a 2 11090 Rakovica - Beograd SRBIJA Kontakt:mob. +381 (0) 63 7563 816 mob. +381 (0) 63 263 816 mob. +381 (0) 63 463 816 tel\/fax: +381 (0) 11 3564 861 tel: +381 11 (0) 11 563 816 pavas.m@yahoo.com \u00a0 \u00a0 \u00a0 \u00a0 Kontaktirajte nas Odgovori\u0107emo [...]","protected":false},"author":1,"featured_media":0,"parent":0,"menu_order":0,"comment_status":"closed","ping_status":"closed","template":"","meta":{"_mo_disable_npp":"","footnotes":""},"class_list":["post-61","page","type-page","status-publish","hentry"],"yoast_head":"<!-- This site is optimized with the Yoast SEO Premium plugin v18.2.1 (Yoast SEO v27.5) - https:\/\/yoast.com\/product\/yoast-seo-premium-wordpress\/ -->\n<title>Kontakt - pavas.rs<\/title>\n<meta name=\"description\" content=\"Pavas M Djordjevi\u0107 Beograd Rakovica. Projektovanje i izrada enterijera i eksterijera od inoxa, nerdjaju\u0107eg \u010delika, aluminijuma i gvo\u017edja. Lasersko se\u010denje metala, savijanje i poliranje limova.\" \/>\n<meta name=\"robots\" content=\"index, follow, max-snippet:-1, max-image-preview:large, max-video-preview:-1\" \/>\n<link rel=\"canonical\" href=\"https:\/\/www.pavas.rs\/en\/kontakt\/\" \/>\n<meta property=\"og:locale\" content=\"en_GB\" \/>\n<meta property=\"og:type\" content=\"article\" \/>\n<meta property=\"og:title\" content=\"Kontakt\" \/>\n<meta property=\"og:description\" content=\"Pavas M Djordjevi\u0107 Beograd Rakovica. Projektovanje i izrada enterijera i eksterijera od inoxa, nerdjaju\u0107eg \u010delika, aluminijuma i gvo\u017edja. Lasersko se\u010denje metala, savijanje i poliranje limova.\" \/>\n<meta property=\"og:url\" content=\"https:\/\/www.pavas.rs\/en\/kontakt\/\" \/>\n<meta property=\"og:site_name\" content=\"pavas.rs\" \/>\n<meta property=\"article:publisher\" content=\"https:\/\/www.facebook.com\/PavasOprema\" \/>\n<meta property=\"article:modified_time\" content=\"2022-03-06T10:34:33+00:00\" \/>\n<meta property=\"og:image\" content=\"http:\/\/|!|vcvUploadUrl|!|\/2022\/03\/LOGO-PAVAS_Kontakt-250x613.png\" \/>\n<meta name=\"twitter:card\" content=\"summary_large_image\" \/>\n<script type=\"application\/ld+json\" class=\"yoast-schema-graph\">{\"@context\":\"https:\\\/\\\/schema.org\",\"@graph\":[{\"@type\":\"WebPage\",\"@id\":\"https:\\\/\\\/www.pavas.rs\\\/kontakt\\\/\",\"url\":\"https:\\\/\\\/www.pavas.rs\\\/kontakt\\\/\",\"name\":\"Kontakt - pavas.rs\",\"isPartOf\":{\"@id\":\"https:\\\/\\\/www.pavas.rs\\\/#website\"},\"datePublished\":\"2016-07-21T02:04:39+00:00\",\"dateModified\":\"2022-03-06T10:34:33+00:00\",\"description\":\"Pavas M Djordjevi\u0107 Beograd Rakovica. Projektovanje i izrada enterijera i eksterijera od inoxa, nerdjaju\u0107eg \u010delika, aluminijuma i gvo\u017edja. Lasersko se\u010denje metala, savijanje i poliranje limova.\",\"breadcrumb\":{\"@id\":\"https:\\\/\\\/www.pavas.rs\\\/kontakt\\\/#breadcrumb\"},\"inLanguage\":\"en-GB\",\"potentialAction\":[{\"@type\":\"ReadAction\",\"target\":[\"https:\\\/\\\/www.pavas.rs\\\/kontakt\\\/\"]}]},{\"@type\":\"BreadcrumbList\",\"@id\":\"https:\\\/\\\/www.pavas.rs\\\/kontakt\\\/#breadcrumb\",\"itemListElement\":[{\"@type\":\"ListItem\",\"position\":1,\"name\":\"Home\",\"item\":\"https:\\\/\\\/www.pavas.rs\\\/\"},{\"@type\":\"ListItem\",\"position\":2,\"name\":\"Kontakt\"}]},{\"@type\":\"WebSite\",\"@id\":\"https:\\\/\\\/www.pavas.rs\\\/#website\",\"url\":\"https:\\\/\\\/www.pavas.rs\\\/\",\"name\":\"pavas.rs\",\"description\":\"Pavas\",\"publisher\":{\"@id\":\"https:\\\/\\\/www.pavas.rs\\\/#organization\"},\"potentialAction\":[{\"@type\":\"SearchAction\",\"target\":{\"@type\":\"EntryPoint\",\"urlTemplate\":\"https:\\\/\\\/www.pavas.rs\\\/?s={search_term_string}\"},\"query-input\":{\"@type\":\"PropertyValueSpecification\",\"valueRequired\":true,\"valueName\":\"search_term_string\"}}],\"inLanguage\":\"en-GB\"},{\"@type\":\"Organization\",\"@id\":\"https:\\\/\\\/www.pavas.rs\\\/#organization\",\"name\":\"Pavas M Djordjevi\u0107 Beograd\",\"url\":\"https:\\\/\\\/www.pavas.rs\\\/\",\"logo\":{\"@type\":\"ImageObject\",\"inLanguage\":\"en-GB\",\"@id\":\"https:\\\/\\\/www.pavas.rs\\\/#\\\/schema\\\/logo\\\/image\\\/\",\"url\":\"https:\\\/\\\/www.pavas.rs\\\/wp-content\\\/uploads\\\/2022\\\/01\\\/logo-f.png\",\"contentUrl\":\"https:\\\/\\\/www.pavas.rs\\\/wp-content\\\/uploads\\\/2022\\\/01\\\/logo-f.png\",\"width\":477,\"height\":200,\"caption\":\"Pavas M Djordjevi\u0107 Beograd\"},\"image\":{\"@id\":\"https:\\\/\\\/www.pavas.rs\\\/#\\\/schema\\\/logo\\\/image\\\/\"},\"sameAs\":[\"https:\\\/\\\/www.facebook.com\\\/PavasOprema\",\"https:\\\/\\\/www.instagram.com\\\/pavas_inox\\\/\",\"https:\\\/\\\/www.youtube.com\\\/channel\\\/UCufVQ1GOZonYV6yZ1SUgESQ\"]}]}<\/script>\n<!-- \/ Yoast SEO Premium plugin. -->","yoast_head_json":{"title":"Kontakt - pavas.rs","description":"Pavas M Djordjevi\u0107 Beograd Rakovica. Projektovanje i izrada enterijera i eksterijera od inoxa, nerdjaju\u0107eg \u010delika, aluminijuma i gvo\u017edja. Lasersko se\u010denje metala, savijanje i poliranje limova.","robots":{"index":"index","follow":"follow","max-snippet":"max-snippet:-1","max-image-preview":"max-image-preview:large","max-video-preview":"max-video-preview:-1"},"canonical":"https:\/\/www.pavas.rs\/en\/kontakt\/","og_locale":"en_GB","og_type":"article","og_title":"Kontakt","og_description":"Pavas M Djordjevi\u0107 Beograd Rakovica. Projektovanje i izrada enterijera i eksterijera od inoxa, nerdjaju\u0107eg \u010delika, aluminijuma i gvo\u017edja. Lasersko se\u010denje metala, savijanje i poliranje limova.","og_url":"https:\/\/www.pavas.rs\/en\/kontakt\/","og_site_name":"pavas.rs","article_publisher":"https:\/\/www.facebook.com\/PavasOprema","article_modified_time":"2022-03-06T10:34:33+00:00","og_image":[{"url":"|!|vcvUploadUrl|!|\/2022\/03\/LOGO-PAVAS_Kontakt-250x613.png","type":"","width":"","height":""}],"twitter_card":"summary_large_image","schema":{"@context":"https:\/\/schema.org","@graph":[{"@type":"WebPage","@id":"https:\/\/www.pavas.rs\/kontakt\/","url":"https:\/\/www.pavas.rs\/kontakt\/","name":"Kontakt - pavas.rs","isPartOf":{"@id":"https:\/\/www.pavas.rs\/#website"},"datePublished":"2016-07-21T02:04:39+00:00","dateModified":"2022-03-06T10:34:33+00:00","description":"Pavas M Djordjevi\u0107 Beograd Rakovica. Projektovanje i izrada enterijera i eksterijera od inoxa, nerdjaju\u0107eg \u010delika, aluminijuma i gvo\u017edja. Lasersko se\u010denje metala, savijanje i poliranje limova.","breadcrumb":{"@id":"https:\/\/www.pavas.rs\/kontakt\/#breadcrumb"},"inLanguage":"en-GB","potentialAction":[{"@type":"ReadAction","target":["https:\/\/www.pavas.rs\/kontakt\/"]}]},{"@type":"BreadcrumbList","@id":"https:\/\/www.pavas.rs\/kontakt\/#breadcrumb","itemListElement":[{"@type":"ListItem","position":1,"name":"Home","item":"https:\/\/www.pavas.rs\/"},{"@type":"ListItem","position":2,"name":"Kontakt"}]},{"@type":"WebSite","@id":"https:\/\/www.pavas.rs\/#website","url":"https:\/\/www.pavas.rs\/","name":"pavas.rs","description":"Pavas","publisher":{"@id":"https:\/\/www.pavas.rs\/#organization"},"potentialAction":[{"@type":"SearchAction","target":{"@type":"EntryPoint","urlTemplate":"https:\/\/www.pavas.rs\/?s={search_term_string}"},"query-input":{"@type":"PropertyValueSpecification","valueRequired":true,"valueName":"search_term_string"}}],"inLanguage":"en-GB"},{"@type":"Organization","@id":"https:\/\/www.pavas.rs\/#organization","name":"Pavas M Djordjevi\u0107 Beograd","url":"https:\/\/www.pavas.rs\/","logo":{"@type":"ImageObject","inLanguage":"en-GB","@id":"https:\/\/www.pavas.rs\/#\/schema\/logo\/image\/","url":"https:\/\/www.pavas.rs\/wp-content\/uploads\/2022\/01\/logo-f.png","contentUrl":"https:\/\/www.pavas.rs\/wp-content\/uploads\/2022\/01\/logo-f.png","width":477,"height":200,"caption":"Pavas M Djordjevi\u0107 Beograd"},"image":{"@id":"https:\/\/www.pavas.rs\/#\/schema\/logo\/image\/"},"sameAs":["https:\/\/www.facebook.com\/PavasOprema","https:\/\/www.instagram.com\/pavas_inox\/","https:\/\/www.youtube.com\/channel\/UCufVQ1GOZonYV6yZ1SUgESQ"]}]}},"_links":{"self":[{"href":"https:\/\/www.pavas.rs\/en\/wp-json\/wp\/v2\/pages\/61","targetHints":{"allow":["GET"]}}],"collection":[{"href":"https:\/\/www.pavas.rs\/en\/wp-json\/wp\/v2\/pages"}],"about":[{"href":"https:\/\/www.pavas.rs\/en\/wp-json\/wp\/v2\/types\/page"}],"author":[{"embeddable":true,"href":"https:\/\/www.pavas.rs\/en\/wp-json\/wp\/v2\/users\/1"}],"replies":[{"embeddable":true,"href":"https:\/\/www.pavas.rs\/en\/wp-json\/wp\/v2\/comments?post=61"}],"version-history":[{"count":100,"href":"https:\/\/www.pavas.rs\/en\/wp-json\/wp\/v2\/pages\/61\/revisions"}],"predecessor-version":[{"id":6237,"href":"https:\/\/www.pavas.rs\/en\/wp-json\/wp\/v2\/pages\/61\/revisions\/6237"}],"wp:attachment":[{"href":"https:\/\/www.pavas.rs\/en\/wp-json\/wp\/v2\/media?parent=61"}],"curies":[{"name":"wp","href":"https:\/\/api.w.org\/{rel}","templated":true}]}}