{"id":6288,"date":"2025-05-13T01:09:31","date_gmt":"2025-05-13T01:09:31","guid":{"rendered":"https:\/\/www.pavas.rs\/yith-compare\/"},"modified":"2025-05-13T01:09:31","modified_gmt":"2025-05-13T01:09:31","slug":"yith-compare","status":"publish","type":"page","link":"https:\/\/www.pavas.rs\/en\/yith-compare\/","title":{"rendered":"Compare"},"content":{"rendered":"<p>[yith_woocompare_table]<\/p>","protected":false},"excerpt":{"rendered":"[yith_woocompare_table]","protected":false},"author":1,"featured_media":0,"parent":0,"menu_order":0,"comment_status":"closed","ping_status":"closed","template":"","meta":{"_mo_disable_npp":"","footnotes":""},"class_list":["post-6288","page","type-page","status-publish","hentry"],"yoast_head":"<!-- This site is optimized with the Yoast SEO Premium plugin v18.2.1 (Yoast SEO v27.4) - https:\/\/yoast.com\/product\/yoast-seo-premium-wordpress\/ -->\n<title>Compare - pavas.rs<\/title>\n<meta name=\"description\" content=\"Pavas M Djordjevi\u0107 Beograd Rakovica. Projektovanje i izrada enterijera i eksterijera od inoxa, nerdjaju\u0107eg \u010delika, aluminijuma i gvo\u017edja. Lasersko se\u010denje metala, savijanje i poliranje limova.\" \/>\n<meta name=\"robots\" content=\"index, follow, max-snippet:-1, max-image-preview:large, max-video-preview:-1\" \/>\n<link rel=\"canonical\" href=\"https:\/\/www.pavas.rs\/en\/yith-compare\/\" \/>\n<meta property=\"og:locale\" content=\"en_GB\" \/>\n<meta property=\"og:type\" content=\"article\" \/>\n<meta property=\"og:title\" content=\"Compare\" \/>\n<meta property=\"og:description\" content=\"Pavas M Djordjevi\u0107 Beograd Rakovica. Projektovanje i izrada enterijera i eksterijera od inoxa, nerdjaju\u0107eg \u010delika, aluminijuma i gvo\u017edja. Lasersko se\u010denje metala, savijanje i poliranje limova.\" \/>\n<meta property=\"og:url\" content=\"https:\/\/www.pavas.rs\/en\/yith-compare\/\" \/>\n<meta property=\"og:site_name\" content=\"pavas.rs\" \/>\n<meta property=\"article:publisher\" content=\"https:\/\/www.facebook.com\/PavasOprema\" \/>\n<meta property=\"og:image\" content=\"https:\/\/www.pavas.rs\/wp-content\/uploads\/2022\/01\/LOGO-PAVAS_Kontakt.png\" \/>\n\t<meta property=\"og:image:width\" content=\"503\" \/>\n\t<meta property=\"og:image:height\" content=\"1226\" \/>\n\t<meta property=\"og:image:type\" content=\"image\/png\" \/>\n<meta name=\"twitter:card\" content=\"summary_large_image\" \/>\n<script type=\"application\/ld+json\" class=\"yoast-schema-graph\">{\"@context\":\"https:\\\/\\\/schema.org\",\"@graph\":[{\"@type\":\"WebPage\",\"@id\":\"https:\\\/\\\/www.pavas.rs\\\/yith-compare\\\/\",\"url\":\"https:\\\/\\\/www.pavas.rs\\\/yith-compare\\\/\",\"name\":\"Compare - pavas.rs\",\"isPartOf\":{\"@id\":\"https:\\\/\\\/www.pavas.rs\\\/#website\"},\"datePublished\":\"2025-05-13T01:09:31+00:00\",\"description\":\"Pavas M Djordjevi\u0107 Beograd Rakovica. Projektovanje i izrada enterijera i eksterijera od inoxa, nerdjaju\u0107eg \u010delika, aluminijuma i gvo\u017edja. Lasersko se\u010denje metala, savijanje i poliranje limova.\",\"breadcrumb\":{\"@id\":\"https:\\\/\\\/www.pavas.rs\\\/yith-compare\\\/#breadcrumb\"},\"inLanguage\":\"en-GB\",\"potentialAction\":[{\"@type\":\"ReadAction\",\"target\":[\"https:\\\/\\\/www.pavas.rs\\\/yith-compare\\\/\"]}]},{\"@type\":\"BreadcrumbList\",\"@id\":\"https:\\\/\\\/www.pavas.rs\\\/yith-compare\\\/#breadcrumb\",\"itemListElement\":[{\"@type\":\"ListItem\",\"position\":1,\"name\":\"Home\",\"item\":\"https:\\\/\\\/www.pavas.rs\\\/\"},{\"@type\":\"ListItem\",\"position\":2,\"name\":\"Compare\"}]},{\"@type\":\"WebSite\",\"@id\":\"https:\\\/\\\/www.pavas.rs\\\/#website\",\"url\":\"https:\\\/\\\/www.pavas.rs\\\/\",\"name\":\"pavas.rs\",\"description\":\"Pavas\",\"publisher\":{\"@id\":\"https:\\\/\\\/www.pavas.rs\\\/#organization\"},\"potentialAction\":[{\"@type\":\"SearchAction\",\"target\":{\"@type\":\"EntryPoint\",\"urlTemplate\":\"https:\\\/\\\/www.pavas.rs\\\/?s={search_term_string}\"},\"query-input\":{\"@type\":\"PropertyValueSpecification\",\"valueRequired\":true,\"valueName\":\"search_term_string\"}}],\"inLanguage\":\"en-GB\"},{\"@type\":\"Organization\",\"@id\":\"https:\\\/\\\/www.pavas.rs\\\/#organization\",\"name\":\"Pavas M Djordjevi\u0107 Beograd\",\"url\":\"https:\\\/\\\/www.pavas.rs\\\/\",\"logo\":{\"@type\":\"ImageObject\",\"inLanguage\":\"en-GB\",\"@id\":\"https:\\\/\\\/www.pavas.rs\\\/#\\\/schema\\\/logo\\\/image\\\/\",\"url\":\"https:\\\/\\\/www.pavas.rs\\\/wp-content\\\/uploads\\\/2022\\\/01\\\/logo-f.png\",\"contentUrl\":\"https:\\\/\\\/www.pavas.rs\\\/wp-content\\\/uploads\\\/2022\\\/01\\\/logo-f.png\",\"width\":477,\"height\":200,\"caption\":\"Pavas M Djordjevi\u0107 Beograd\"},\"image\":{\"@id\":\"https:\\\/\\\/www.pavas.rs\\\/#\\\/schema\\\/logo\\\/image\\\/\"},\"sameAs\":[\"https:\\\/\\\/www.facebook.com\\\/PavasOprema\",\"https:\\\/\\\/www.instagram.com\\\/pavas_inox\\\/\",\"https:\\\/\\\/www.youtube.com\\\/channel\\\/UCufVQ1GOZonYV6yZ1SUgESQ\"]}]}<\/script>\n<!-- \/ Yoast SEO Premium plugin. -->","yoast_head_json":{"title":"Compare - pavas.rs","description":"Pavas M Djordjevi\u0107 Beograd Rakovica. Projektovanje i izrada enterijera i eksterijera od inoxa, nerdjaju\u0107eg \u010delika, aluminijuma i gvo\u017edja. Lasersko se\u010denje metala, savijanje i poliranje limova.","robots":{"index":"index","follow":"follow","max-snippet":"max-snippet:-1","max-image-preview":"max-image-preview:large","max-video-preview":"max-video-preview:-1"},"canonical":"https:\/\/www.pavas.rs\/en\/yith-compare\/","og_locale":"en_GB","og_type":"article","og_title":"Compare","og_description":"Pavas M Djordjevi\u0107 Beograd Rakovica. Projektovanje i izrada enterijera i eksterijera od inoxa, nerdjaju\u0107eg \u010delika, aluminijuma i gvo\u017edja. Lasersko se\u010denje metala, savijanje i poliranje limova.","og_url":"https:\/\/www.pavas.rs\/en\/yith-compare\/","og_site_name":"pavas.rs","article_publisher":"https:\/\/www.facebook.com\/PavasOprema","og_image":[{"width":503,"height":1226,"url":"https:\/\/www.pavas.rs\/wp-content\/uploads\/2022\/01\/LOGO-PAVAS_Kontakt.png","type":"image\/png"}],"twitter_card":"summary_large_image","schema":{"@context":"https:\/\/schema.org","@graph":[{"@type":"WebPage","@id":"https:\/\/www.pavas.rs\/yith-compare\/","url":"https:\/\/www.pavas.rs\/yith-compare\/","name":"Compare - pavas.rs","isPartOf":{"@id":"https:\/\/www.pavas.rs\/#website"},"datePublished":"2025-05-13T01:09:31+00:00","description":"Pavas M Djordjevi\u0107 Beograd Rakovica. Projektovanje i izrada enterijera i eksterijera od inoxa, nerdjaju\u0107eg \u010delika, aluminijuma i gvo\u017edja. Lasersko se\u010denje metala, savijanje i poliranje limova.","breadcrumb":{"@id":"https:\/\/www.pavas.rs\/yith-compare\/#breadcrumb"},"inLanguage":"en-GB","potentialAction":[{"@type":"ReadAction","target":["https:\/\/www.pavas.rs\/yith-compare\/"]}]},{"@type":"BreadcrumbList","@id":"https:\/\/www.pavas.rs\/yith-compare\/#breadcrumb","itemListElement":[{"@type":"ListItem","position":1,"name":"Home","item":"https:\/\/www.pavas.rs\/"},{"@type":"ListItem","position":2,"name":"Compare"}]},{"@type":"WebSite","@id":"https:\/\/www.pavas.rs\/#website","url":"https:\/\/www.pavas.rs\/","name":"pavas.rs","description":"Pavas","publisher":{"@id":"https:\/\/www.pavas.rs\/#organization"},"potentialAction":[{"@type":"SearchAction","target":{"@type":"EntryPoint","urlTemplate":"https:\/\/www.pavas.rs\/?s={search_term_string}"},"query-input":{"@type":"PropertyValueSpecification","valueRequired":true,"valueName":"search_term_string"}}],"inLanguage":"en-GB"},{"@type":"Organization","@id":"https:\/\/www.pavas.rs\/#organization","name":"Pavas M Djordjevi\u0107 Beograd","url":"https:\/\/www.pavas.rs\/","logo":{"@type":"ImageObject","inLanguage":"en-GB","@id":"https:\/\/www.pavas.rs\/#\/schema\/logo\/image\/","url":"https:\/\/www.pavas.rs\/wp-content\/uploads\/2022\/01\/logo-f.png","contentUrl":"https:\/\/www.pavas.rs\/wp-content\/uploads\/2022\/01\/logo-f.png","width":477,"height":200,"caption":"Pavas M Djordjevi\u0107 Beograd"},"image":{"@id":"https:\/\/www.pavas.rs\/#\/schema\/logo\/image\/"},"sameAs":["https:\/\/www.facebook.com\/PavasOprema","https:\/\/www.instagram.com\/pavas_inox\/","https:\/\/www.youtube.com\/channel\/UCufVQ1GOZonYV6yZ1SUgESQ"]}]}},"_links":{"self":[{"href":"https:\/\/www.pavas.rs\/en\/wp-json\/wp\/v2\/pages\/6288","targetHints":{"allow":["GET"]}}],"collection":[{"href":"https:\/\/www.pavas.rs\/en\/wp-json\/wp\/v2\/pages"}],"about":[{"href":"https:\/\/www.pavas.rs\/en\/wp-json\/wp\/v2\/types\/page"}],"author":[{"embeddable":true,"href":"https:\/\/www.pavas.rs\/en\/wp-json\/wp\/v2\/users\/1"}],"replies":[{"embeddable":true,"href":"https:\/\/www.pavas.rs\/en\/wp-json\/wp\/v2\/comments?post=6288"}],"version-history":[{"count":0,"href":"https:\/\/www.pavas.rs\/en\/wp-json\/wp\/v2\/pages\/6288\/revisions"}],"wp:attachment":[{"href":"https:\/\/www.pavas.rs\/en\/wp-json\/wp\/v2\/media?parent=6288"}],"curies":[{"name":"wp","href":"https:\/\/api.w.org\/{rel}","templated":true}]}}